{"id":49,"date":"2012-08-08T12:34:26","date_gmt":"2012-08-08T10:34:26","guid":{"rendered":"http:\/\/www.saekularerbuddhismus.org\/?page_id=49"},"modified":"2019-02-03T08:57:09","modified_gmt":"2019-02-03T07:57:09","slug":"gruppen","status":"publish","type":"page","link":"http:\/\/www.saekularerbuddhismus.org\/?page_id=49","title":{"rendered":"Gruppen"},"content":{"rendered":"<p>Hier wollen wir Gruppen von Menschen im deutschsprachigen Raum erfassen, die saekularen Buddhismus praktizieren und weiterentwickeln wollen. Wer eine Initiative gegr\u00fcndet hat oder gr\u00fcnden m\u00f6chte und eine Plattform f\u00fcr Austausch sucht, ist herzlich eingeladen, mit uns Kontakt aufzunehmen!<\/p>\n<p>&nbsp;<\/p>\n<p>&nbsp;<\/p>\n<h2>Etablierte Gruppen<\/h2>\n\n<table id=\"tablepress-4\" class=\"tablepress tablepress-id-4\">\n<thead>\n<tr class=\"row-1 odd\">\n\t<th class=\"column-1\">Ort<\/th><th class=\"column-2\">Zeit<\/th><th class=\"column-3\">Adresse<\/th><th class=\"column-4\">Bemerkungen<\/th>\n<\/tr>\n<\/thead>\n<tbody class=\"row-hover\">\n<tr class=\"row-2 even\">\n\t<td class=\"column-1\">Wien<\/td><td class=\"column-2\">Jeden Montag, 18:30<\/td><td class=\"column-3\">Margaretenstra\u00dfe 39, 1040 Wien (bei Glatz l\u00e4uten; 2. Stiege, 2. Stock)<\/td><td class=\"column-4\">Alle an undogmatischer Meditationspraxis Interessierte sind herzlich willkommen.<br> Vor dem ersten Kommen bitte hier auf der <a href=\"\/?page_id=47\">Kontakt-Seite<\/a> bzw. auf <a href=\"https:\/\/www.facebook.com\/SaekularerBuddhismus\">Facebook<\/a> per PN anmelden.<br><br>Der Ablauf des Abends ist etwa wie folgt:<br \/>\n<br \/>\n18:15 Begr\u00fc\u00dfung und Einf\u00fchrung von Neuank\u00f6mmlingen<br \/>\n18:30-18:55 Meditation im Sitzen<br \/>\n18:55-19:10 Meditation im Gehen<br \/>\n19:10-19:35 Meditation im Sitzen<br \/>\n19:35-20:15 Austausch \u00fcber die Meditation bzw. jede zweite Woche Textbesprechung mit Teetrinken je nach Lust und Laune<br \/>\n<br \/>\nDie Teilnahme ist gratis, Spenden f\u00fcr die Raummiete werden aber gerne angenommen.<\/td>\n<\/tr>\n<tr class=\"row-3 odd\">\n\t<td class=\"column-1\">Berlin<\/td><td class=\"column-2\">Jeden letzten Sonntag im Monat, meistens von 15:00 - 17:30 Uhr (abh\u00e4ngig vom Ort des Treffens)<\/td><td class=\"column-3\">Meistens im Meditationsraum der Tabor Kirchengemeinde, Taborstr. 17, 10997 Berlin - Eingang rechts neben dem Kirchenportal, 2. OG rechts<\/td><td class=\"column-4\">Wir meditieren zusammen und diskutieren gemeinsam \u00fcber Texte, die wir vorher gelesen haben. Es geht uns darum, dass jeder eine eigene Position zum Dharma finden kann und uns gegenseitig bei der Umsetzung in das allt\u00e4gliche Leben zu unterst\u00fctzen. Vor allem der offene Austausch unter Gleichen ohne Hierarchien \u00fcber Inhalte und unterschiedliche Interpretationen von Texten, Konzepten und Inhalten der Lehre bereichern diese Treffen ungemein. Danach sitzen wir meist noch informell in einer Kneipe zusammen.<br \/>\n<br \/>\nWir freuen uns, wenn noch interessierte Menschen dazu kommen, die Interesse daran haben, wie ein s\u00e4kularer \"Buddhismus\" aussehen und gelebt werden kann.<br \/>\n<br \/>\n<a href=\"mailto:contact%saekulare-buddhisten-berlin@gmx.de\">Kontakt<\/a><\/td>\n<\/tr>\n<tr class=\"row-4 even\">\n\t<td class=\"column-1\">Berlin<\/td><td class=\"column-2\">Jeden Donnerstag 10:00-12:00 Uhr<\/td><td class=\"column-3\">Meditationsraum der Ev. Taborgemeinde, Taborstr. 17, 10997 Berlin<\/td><td class=\"column-4\">Kontakt: malteholstad@gmail.com, mindful-mbsr.net\/termine\/<\/td>\n<\/tr>\n<tr class=\"row-5 odd\">\n\t<td class=\"column-1\">Hamburg<\/td><td class=\"column-2\"><\/td><td class=\"column-3\"><a href=\"meetup.com\/secular-buddhism-hamburg\">Meetup.com<\/a><\/td><td class=\"column-4\"><\/td>\n<\/tr>\n<tr class=\"row-6 even\">\n\t<td class=\"column-1\">Mainz<\/td><td class=\"column-2\"><\/td><td class=\"column-3\"><a href=\"https:\/\/saekularer-buddhismus-mainz.jimdofree.com\/\">S\u00e4kularer Buddhismus Mainz<\/a><\/td><td class=\"column-4\"><\/td>\n<\/tr>\n<\/tbody>\n<\/table>\n<!-- #tablepress-4 from cache -->\n<h2>InteressentInnen<\/h2>\n\n<table id=\"tablepress-5\" class=\"tablepress tablepress-id-5\">\n<thead>\n<tr class=\"row-1 odd\">\n\t<th class=\"column-1\">Ort<\/th><th class=\"column-2\">InteressentInnen<\/th>\n<\/tr>\n<\/thead>\n<tbody class=\"row-hover\">\n<tr class=\"row-2 even\">\n\t<td class=\"column-1\">Saarbr\u00fccken<\/td><td class=\"column-2\">Chrisja Weynerowski<\/td>\n<\/tr>\n<tr class=\"row-3 odd\">\n\t<td class=\"column-1\">Steiermark<\/td><td class=\"column-2\">Sabine Stix<\/td>\n<\/tr>\n<tr class=\"row-4 even\">\n\t<td class=\"column-1\">M\u00fcnchen<\/td><td class=\"column-2\">Axel Benz (Email: axelbenzmuenchen@gmail.com)<\/td>\n<\/tr>\n<tr class=\"row-5 odd\">\n\t<td class=\"column-1\">Bielefeld<\/td><td class=\"column-2\">Dirk Grosser (Email: info@dirk-grosser.de)<\/td>\n<\/tr>\n<tr class=\"row-6 even\">\n\t<td class=\"column-1\">35390 Giessen<\/td><td class=\"column-2\">Sabine Richter (Email: Hugoline55@web.de)<\/td>\n<\/tr>\n<tr class=\"row-7 odd\">\n\t<td class=\"column-1\">G\u00f6ttingen<\/td><td class=\"column-2\">Eckart Zabel (Email: eckart.zabel@t-online.de) <\/td>\n<\/tr>\n<tr class=\"row-8 even\">\n\t<td class=\"column-1\">Siegen<\/td><td class=\"column-2\">Bj\u00f6rn M\u00fcller (Email: bjoernmueller1990@gmail.com)<\/td>\n<\/tr>\n<tr class=\"row-9 odd\">\n\t<td class=\"column-1\">Hamburg<\/td><td class=\"column-2\">Hanz Geeratz (Email: hanz.geeratz@gmail.com).<br \/>\nPhilipp Bauer hat im April 2016 eine Gruppe gegr\u00fcndet: N\u00e4heres unter: meetup.com\/secular-buddhism-hamburg<\/td>\n<\/tr>\n<tr class=\"row-10 even\">\n\t<td class=\"column-1\">Berlin (keine Sonntagstermine)<\/td><td class=\"column-2\">Joanna Powerska (Email: joannapowerska@hotmail.de)<\/td>\n<\/tr>\n<tr class=\"row-11 odd\">\n\t<td class=\"column-1\">Dresden<\/td><td class=\"column-2\">Joe Schraube (Kontakt: http:\/\/sangha-space.de)<br \/>\nMichael T\u00fcmptner (Email: piezke@posteo.de)<\/td>\n<\/tr>\n<tr class=\"row-12 even\">\n\t<td class=\"column-1\">Mainz <\/td><td class=\"column-2\">Tobias Trapp (Email: Tobias.Trapp@gmx.com)<\/td>\n<\/tr>\n<\/tbody>\n<\/table>\n<!-- #tablepress-5 from cache -->\n<div><\/div>\n<div><\/div>\n<h2><strong>Die<\/strong> <strong>Idee: S\u00e4kulare Buddhisten im deutschsprachigen Raum vernetzen<br \/>\n<\/strong><\/h2>\n<div>Liebe s\u00e4kulare Buddhistinnen und Buddhisten,<\/div>\n<div>ich m\u00f6chte einen Gedankenaustausch und eine regelm\u00e4\u00dfige Gespr\u00e4chsrunde mit euch via Skype organiseren.<\/div>\n<div><\/div>\n<div>Im ersten Gespr\u00e4ch k\u00f6nnen wir uns kennenlernen und f\u00fcr uns wichtige Themen aus den Bereichen Meditation, Ethik und Weisheit besprechen.<\/div>\n<div><\/div>\n<div>Besonders sollte dabei der individuelle Weg jeder\/s Einzelnen deutlicher werden. Gew\u00fcnscht ist, dass die anderen davon profiteren &#8211; sei es durch Tipps, Erfahrungsaustausch etc.<\/div>\n<div><strong>\u00a0<\/strong><\/div>\n<p>Sollte der erste Call zeitlich ausufern und daran Interesse bestehen, k\u00f6nnten wir auch einen Meditations-, einen Ethik- und einen Weisheitscall organisieren.<\/p>\n<div><\/div>\n<div>Bitte tragt euren Wunschtermin in die Doodle-Liste ein:<\/div>\n<div><a href=\"http:\/\/doodle.com\/xtf2a2dy86acs2a9\">http:\/\/doodle.com\/xtf2a2dy86acs2a9<\/a><\/div>\n<div><\/div>\n<div><\/div>\n<div>Liebe Gr\u00fc\u00dfe<\/div>\n<p>Bj\u00f6rn<\/p>\n<h3>Die Idee: gemeinsam ein kleines Meditationszentrum aufbauen<\/h3>\n<p>Das plant Joe Schraube in der N\u00e4he von Dresden. N\u00e4heres unter: <a href=\"http:\/\/sangha-space.de\">http:\/\/sangha-space.de<\/a> .<\/p>\n<div><\/div>\n<p>&nbsp;<\/p>\n<div><\/div>\n<p>&nbsp;<\/p>\n<p>&nbsp;<\/p>\n","protected":false},"excerpt":{"rendered":"<p>Hier wollen wir Gruppen von Menschen im deutschsprachigen Raum erfassen, die saekularen Buddhismus praktizieren und weiterentwickeln wollen. Wer eine Initiative gegr\u00fcndet hat oder gr\u00fcnden m\u00f6chte und eine Plattform f\u00fcr Austausch sucht, ist herzlich eingeladen, mit uns Kontakt aufzunehmen! &nbsp; &nbsp; Etablierte Gruppen InteressentInnen Die Idee: S\u00e4kulare Buddhisten im deutschsprachigen Raum vernetzen Liebe s\u00e4kulare Buddhistinnen und &hellip; <\/p>\n<p class=\"link-more\"><a href=\"http:\/\/www.saekularerbuddhismus.org\/?page_id=49\" class=\"more-link\"><span class=\"screen-reader-text\">\u201eGruppen\u201c<\/span> weiterlesen<\/a><\/p>\n","protected":false},"author":2,"featured_media":0,"parent":0,"menu_order":0,"comment_status":"open","ping_status":"closed","template":"","meta":{"_exactmetrics_skip_tracking":false,"_exactmetrics_sitenote_active":false,"_exactmetrics_sitenote_note":"","_exactmetrics_sitenote_category":0},"_links":{"self":[{"href":"http:\/\/www.saekularerbuddhismus.org\/index.php?rest_route=\/wp\/v2\/pages\/49"}],"collection":[{"href":"http:\/\/www.saekularerbuddhismus.org\/index.php?rest_route=\/wp\/v2\/pages"}],"about":[{"href":"http:\/\/www.saekularerbuddhismus.org\/index.php?rest_route=\/wp\/v2\/types\/page"}],"author":[{"embeddable":true,"href":"http:\/\/www.saekularerbuddhismus.org\/index.php?rest_route=\/wp\/v2\/users\/2"}],"replies":[{"embeddable":true,"href":"http:\/\/www.saekularerbuddhismus.org\/index.php?rest_route=%2Fwp%2Fv2%2Fcomments&post=49"}],"version-history":[{"count":16,"href":"http:\/\/www.saekularerbuddhismus.org\/index.php?rest_route=\/wp\/v2\/pages\/49\/revisions"}],"predecessor-version":[{"id":4232,"href":"http:\/\/www.saekularerbuddhismus.org\/index.php?rest_route=\/wp\/v2\/pages\/49\/revisions\/4232"}],"wp:attachment":[{"href":"http:\/\/www.saekularerbuddhismus.org\/index.php?rest_route=%2Fwp%2Fv2%2Fmedia&parent=49"}],"curies":[{"name":"wp","href":"https:\/\/api.w.org\/{rel}","templated":true}]}}