{"id":102,"date":"2012-11-19T11:10:17","date_gmt":"2012-11-19T10:10:17","guid":{"rendered":"http:\/\/www.saekularerbuddhismus.org\/?page_id=102"},"modified":"2015-10-15T09:04:12","modified_gmt":"2015-10-15T07:04:12","slug":"wir-uber-uns","status":"publish","type":"page","link":"http:\/\/www.saekularerbuddhismus.org\/?page_id=102","title":{"rendered":"Wir \u00fcber uns"},"content":{"rendered":"<p>Wir sind eine kleine Gruppe von Frauen und M\u00e4nnern, die privat und beruflich in recht unterschiedlichen Bereichen leben. Uns verbindet jahrelange Besch\u00e4ftigung mit buddhistischer Theorie und Praxis. Wir verstehen uns als Dilettantinnen und Dilettanten im urspr\u00fcnglichen Sinn: Diesen Blog betreiben wir aus Interesse und Freude an der Sache.<br \/>\nDie einf\u00fchrenden Texte zu den Seiten dieses Blogs sind Ergebnisse gemeinsamer Redaktionsarbeit. Namentlich gezeichnete Blog-Eintr\u00e4ge dr\u00fccken die Meinung der Person aus, die sie verfasst hat.<\/p>\n<p><strong>Evamaria Glatz<\/strong> war als Psychologin und Sozialmanagerin t\u00e4tig, sie leistet, seit sie im Ruhestand ist, in verschiedenen Bereichen ehrenamtliche Arbeit. Sie meditiert seit 17 Jahren, zu Beginn in der Tradition des Zen, hat zahlreiche Retreats verschiedener Richtungen besucht, absolvierte eine Ausbildung als MBSR \u2013 Lehrerin und hat diese in Seminaren angewendet. Zeit ihres Lebens versteht sie sich als politisch denkender und handelnder Mensch. Ihr Interesse im Zusammenhang mit dieser Website liegt unter anderem bei den Unangepassten, die sich mit der Orthodoxie ihrer Traditionen nicht arrangieren mochten, und beim Versuch, buddhistische Praxis mit engagiertem Handeln in bedrohlicher und bedrohter Zeit zu verbinden.<\/p>\n<p><strong>Bernd Kaponig<\/strong> ist beruflich IT Architekt und Technologe, und ehrenamtlich in Projekten engagiert, die neue Wege zu mehr Kooperation und Mitbestimmung in Gesellschaft und Wirtschaft gehen. Er ist sehr dankbar, dass er schon zu Beginn seiner Dharma-Praxis vor mehr als 20 Jahren \u00fcberwiegend mit westlichen Zen- und Vipassana- Lehrern und Lehrerinnen arbeiten konnte, die selbst noch in Asien ihren Weg suchen mussten, und dass sich mittlerweile immer mehr s\u00e4kulare Ans\u00e4tze etablieren. Sein besonderes Interesse an diesem Blog ist es, auch vollkommen religionsfernen Menschen einen Zugang zu Dharma-Praxis zu er\u00f6ffnen, und sein eigenes Verst\u00e4ndnis von Praxis im Zuge des Schreibens und der Diskussion zu sch\u00e4rfen.<\/p>\n<p><strong>Cristina Pecchia<\/strong> ist im wissenschaftlichen Bereich der S\u00fcdasien- und Buddhismuskunde t\u00e4tig. Sie meditiert seit 10 Jahren in der Tradition des Vipassana, besucht Retreats und praktiziert Yoga. Ihr Interesse an dieser Website liegt in der Gelegenheit f\u00fcr sich selbst und andere, \u00fcber die buddhistische Praxis und den Dharma mehr zu erfahren.<\/p>\n<p><strong>\u00a0<\/strong><\/p>\n","protected":false},"excerpt":{"rendered":"<p>Wir sind eine kleine Gruppe von Frauen und M\u00e4nnern, die privat und beruflich in recht unterschiedlichen Bereichen leben. Uns verbindet jahrelange Besch\u00e4ftigung mit buddhistischer Theorie und Praxis. Wir verstehen uns als Dilettantinnen und Dilettanten im urspr\u00fcnglichen Sinn: Diesen Blog betreiben wir aus Interesse und Freude an der Sache. Die einf\u00fchrenden Texte zu den Seiten dieses &hellip; <\/p>\n<p class=\"link-more\"><a href=\"http:\/\/www.saekularerbuddhismus.org\/?page_id=102\" class=\"more-link\"><span class=\"screen-reader-text\">\u201eWir \u00fcber uns\u201c<\/span> weiterlesen<\/a><\/p>\n","protected":false},"author":4,"featured_media":0,"parent":0,"menu_order":11,"comment_status":"open","ping_status":"closed","template":"","meta":{"_exactmetrics_skip_tracking":false,"_exactmetrics_sitenote_active":false,"_exactmetrics_sitenote_note":"","_exactmetrics_sitenote_category":0},"_links":{"self":[{"href":"http:\/\/www.saekularerbuddhismus.org\/index.php?rest_route=\/wp\/v2\/pages\/102"}],"collection":[{"href":"http:\/\/www.saekularerbuddhismus.org\/index.php?rest_route=\/wp\/v2\/pages"}],"about":[{"href":"http:\/\/www.saekularerbuddhismus.org\/index.php?rest_route=\/wp\/v2\/types\/page"}],"author":[{"embeddable":true,"href":"http:\/\/www.saekularerbuddhismus.org\/index.php?rest_route=\/wp\/v2\/users\/4"}],"replies":[{"embeddable":true,"href":"http:\/\/www.saekularerbuddhismus.org\/index.php?rest_route=%2Fwp%2Fv2%2Fcomments&post=102"}],"version-history":[{"count":11,"href":"http:\/\/www.saekularerbuddhismus.org\/index.php?rest_route=\/wp\/v2\/pages\/102\/revisions"}],"predecessor-version":[{"id":3615,"href":"http:\/\/www.saekularerbuddhismus.org\/index.php?rest_route=\/wp\/v2\/pages\/102\/revisions\/3615"}],"wp:attachment":[{"href":"http:\/\/www.saekularerbuddhismus.org\/index.php?rest_route=%2Fwp%2Fv2%2Fmedia&parent=102"}],"curies":[{"name":"wp","href":"https:\/\/api.w.org\/{rel}","templated":true}]}}